{"id":6,"date":"2021-06-18T21:01:54","date_gmt":"2021-06-18T21:01:54","guid":{"rendered":"http:\/\/montxoherrera.es\/?page_id=6"},"modified":"2021-07-19T14:40:44","modified_gmt":"2021-07-19T14:40:44","slug":"acerca-de","status":"publish","type":"page","link":"https:\/\/montxoherrera.es\/index.php\/acerca-de\/","title":{"rendered":"Acerca de"},"content":{"rendered":"\n<div class=\"wp-block-image\"><figure class=\"aligncenter size-large is-resized\"><a href=\"https:\/\/www.instagram.com\/montxo_herrera__\/\"><img loading=\"lazy\" decoding=\"async\" src=\"https:\/\/montxoherrera.es\/wp-content\/uploads\/2021\/06\/DeCarretesyRollos-LOGO-Rojo-1.png\" alt=\"\" class=\"wp-image-175\" width=\"257\" height=\"258\" srcset=\"https:\/\/montxoherrera.es\/wp-content\/uploads\/2021\/06\/DeCarretesyRollos-LOGO-Rojo-1.png 648w, https:\/\/montxoherrera.es\/wp-content\/uploads\/2021\/06\/DeCarretesyRollos-LOGO-Rojo-1-300x300.png 300w, https:\/\/montxoherrera.es\/wp-content\/uploads\/2021\/06\/DeCarretesyRollos-LOGO-Rojo-1-100x100.png 100w, https:\/\/montxoherrera.es\/wp-content\/uploads\/2021\/06\/DeCarretesyRollos-LOGO-Rojo-1-600x601.png 600w, https:\/\/montxoherrera.es\/wp-content\/uploads\/2021\/06\/DeCarretesyRollos-LOGO-Rojo-1-150x150.png 150w\" sizes=\"auto, (max-width: 257px) 100vw, 257px\" \/><\/a><\/figure><\/div>\n\n\n\n<div style=\"height:35px\" aria-hidden=\"true\" class=\"wp-block-spacer\"><\/div>\n\n\n\n<p>Comenc\u00e9 a interesarme por la fotograf\u00eda en el a\u00f1o 2011, en este a\u00f1o falleci\u00f3 mi madre y necesitaba ocupar mi pensamiento en algo nuevo para m\u00ed.<\/p>\n\n\n\n<p>Siempre he sido una persona autodidacta pero con mucha inquietud por aprender cosas. Comenc\u00e9 con la fotograf\u00eda digital pero en unos a\u00f1os me di cuenta de que este tipo de fotograf\u00eda requer\u00eda menos paciencia y menos esfuerzo para ver el resultado. Fue esto lo que me llev\u00f3 a buscar algo m\u00e1s e interesarme  por la fotograf\u00eda anal\u00f3gica.<\/p>\n\n\n\n<p>En el a\u00f1o 2016 me compr\u00e9 mi primera c\u00e1mara anal\u00f3gica, una <em><strong>Hasselblad 501C<\/strong><\/em>.<\/p>\n\n\n\n<div style=\"height:35px\" aria-hidden=\"true\" class=\"wp-block-spacer\"><\/div>\n\n\n\n<blockquote class=\"wp-block-quote is-style-default is-layout-flow wp-block-quote-is-layout-flow\"><p>Mi inquietud me llev\u00f3 a interesarme por el revelado ya que no solo era la captura de un buen instante sino el disfrute de positivar mis propios negativos.<\/p><\/blockquote>\n\n\n\n<div style=\"height:35px\" aria-hidden=\"true\" class=\"wp-block-spacer\"><\/div>\n\n\n\n<p>Solo trabajo con pel\u00edcula en blanco y negro con el objetivo de capturar momentos y detalles de la calle. Esta es mi principal fuente de inspiraci\u00f3n. Aunque, tambi\u00e9n me gusta un buen paisaje.<\/p>\n\n\n\n<p>Cada momento que paso en el cuarto oscuro es parte del aprendizaje, ensayo error y vuelta empezar. <\/p>\n\n\n\n<p>Una fotograf\u00eda como objeto f\u00edsico es la forma final de mi trabajo.<\/p>\n\n\n\n<p><em>Te has quedado con dudas, quieres saber m\u00e1s;<\/em> <a href=\"https:\/\/montxoherrera.es\/index.php\/contacto\"><strong>cont\u00e1ctame<\/strong><\/a><\/p>\n","protected":false},"excerpt":{"rendered":"<p>Comenc\u00e9 a interesarme por la fotograf\u00eda en el a\u00f1o 2011, en este a\u00f1o falleci\u00f3 mi madre y necesitaba ocupar mi pensamiento en algo nuevo para m\u00ed. Siempre he sido una persona autodidacta pero con mucha inquietud por aprender cosas. Comenc\u00e9 con la fotograf\u00eda digital pero en unos a\u00f1os me di cuenta de que este tipo&nbsp;&#8230;<\/p>\n","protected":false},"author":1,"featured_media":0,"parent":0,"menu_order":0,"comment_status":"closed","ping_status":"closed","template":"","meta":{"ngg_post_thumbnail":0,"footnotes":""},"class_list":["post-6","page","type-page","status-publish","hentry"],"yoast_head":"<!-- This site is optimized with the Yoast SEO plugin v27.0 - https:\/\/yoast.com\/product\/yoast-seo-wordpress\/ -->\n<title>Acerca de - Montxo Herrera<\/title>\n<meta name=\"robots\" content=\"index, follow, max-snippet:-1, max-image-preview:large, max-video-preview:-1\" \/>\n<link rel=\"canonical\" href=\"https:\/\/montxoherrera.es\/index.php\/acerca-de\/\" \/>\n<meta property=\"og:locale\" content=\"es_ES\" \/>\n<meta property=\"og:type\" content=\"article\" \/>\n<meta property=\"og:title\" content=\"Acerca de - Montxo Herrera\" \/>\n<meta property=\"og:description\" content=\"Comenc\u00e9 a interesarme por la fotograf\u00eda en el a\u00f1o 2011, en este a\u00f1o falleci\u00f3 mi madre y necesitaba ocupar mi pensamiento en algo nuevo para m\u00ed. Siempre he sido una persona autodidacta pero con mucha inquietud por aprender cosas. Comenc\u00e9 con la fotograf\u00eda digital pero en unos a\u00f1os me di cuenta de que este tipo&nbsp;...\" \/>\n<meta property=\"og:url\" content=\"https:\/\/montxoherrera.es\/index.php\/acerca-de\/\" \/>\n<meta property=\"og:site_name\" content=\"Montxo Herrera\" \/>\n<meta property=\"article:modified_time\" content=\"2021-07-19T14:40:44+00:00\" \/>\n<meta property=\"og:image\" content=\"http:\/\/montxoherrera.es\/wp-content\/uploads\/2021\/06\/DeCarretesyRollos-LOGO-Rojo-1.png\" \/>\n<meta name=\"twitter:card\" content=\"summary_large_image\" \/>\n<meta name=\"twitter:label1\" content=\"Tiempo de lectura\" \/>\n\t<meta name=\"twitter:data1\" content=\"2 minutos\" \/>\n<script type=\"application\/ld+json\" class=\"yoast-schema-graph\">{\"@context\":\"https:\/\/schema.org\",\"@graph\":[{\"@type\":\"WebPage\",\"@id\":\"https:\/\/montxoherrera.es\/index.php\/acerca-de\/\",\"url\":\"https:\/\/montxoherrera.es\/index.php\/acerca-de\/\",\"name\":\"Acerca de - Montxo Herrera\",\"isPartOf\":{\"@id\":\"https:\/\/montxoherrera.es\/#website\"},\"primaryImageOfPage\":{\"@id\":\"https:\/\/montxoherrera.es\/index.php\/acerca-de\/#primaryimage\"},\"image\":{\"@id\":\"https:\/\/montxoherrera.es\/index.php\/acerca-de\/#primaryimage\"},\"thumbnailUrl\":\"http:\/\/montxoherrera.es\/wp-content\/uploads\/2021\/06\/DeCarretesyRollos-LOGO-Rojo-1.png\",\"datePublished\":\"2021-06-18T21:01:54+00:00\",\"dateModified\":\"2021-07-19T14:40:44+00:00\",\"breadcrumb\":{\"@id\":\"https:\/\/montxoherrera.es\/index.php\/acerca-de\/#breadcrumb\"},\"inLanguage\":\"es\",\"potentialAction\":[{\"@type\":\"ReadAction\",\"target\":[\"https:\/\/montxoherrera.es\/index.php\/acerca-de\/\"]}]},{\"@type\":\"ImageObject\",\"inLanguage\":\"es\",\"@id\":\"https:\/\/montxoherrera.es\/index.php\/acerca-de\/#primaryimage\",\"url\":\"http:\/\/montxoherrera.es\/wp-content\/uploads\/2021\/06\/DeCarretesyRollos-LOGO-Rojo-1.png\",\"contentUrl\":\"http:\/\/montxoherrera.es\/wp-content\/uploads\/2021\/06\/DeCarretesyRollos-LOGO-Rojo-1.png\"},{\"@type\":\"BreadcrumbList\",\"@id\":\"https:\/\/montxoherrera.es\/index.php\/acerca-de\/#breadcrumb\",\"itemListElement\":[{\"@type\":\"ListItem\",\"position\":1,\"name\":\"Portada\",\"item\":\"https:\/\/montxoherrera.es\/\"},{\"@type\":\"ListItem\",\"position\":2,\"name\":\"Acerca de\"}]},{\"@type\":\"WebSite\",\"@id\":\"https:\/\/montxoherrera.es\/#website\",\"url\":\"https:\/\/montxoherrera.es\/\",\"name\":\"Montxo Herrera\",\"description\":\"DeCarretesyRollos\",\"publisher\":{\"@id\":\"https:\/\/montxoherrera.es\/#organization\"},\"potentialAction\":[{\"@type\":\"SearchAction\",\"target\":{\"@type\":\"EntryPoint\",\"urlTemplate\":\"https:\/\/montxoherrera.es\/?s={search_term_string}\"},\"query-input\":{\"@type\":\"PropertyValueSpecification\",\"valueRequired\":true,\"valueName\":\"search_term_string\"}}],\"inLanguage\":\"es\"},{\"@type\":\"Organization\",\"@id\":\"https:\/\/montxoherrera.es\/#organization\",\"name\":\"Montxo Herrera\",\"url\":\"https:\/\/montxoherrera.es\/\",\"logo\":{\"@type\":\"ImageObject\",\"inLanguage\":\"es\",\"@id\":\"https:\/\/montxoherrera.es\/#\/schema\/logo\/image\/\",\"url\":\"https:\/\/montxoherrera.es\/wp-content\/uploads\/2025\/06\/cropped-DeCarretesyRollos-LOGO-Rojo.jpg\",\"contentUrl\":\"https:\/\/montxoherrera.es\/wp-content\/uploads\/2025\/06\/cropped-DeCarretesyRollos-LOGO-Rojo.jpg\",\"width\":648,\"height\":649,\"caption\":\"Montxo Herrera\"},\"image\":{\"@id\":\"https:\/\/montxoherrera.es\/#\/schema\/logo\/image\/\"}}]}<\/script>\n<!-- \/ Yoast SEO plugin. -->","yoast_head_json":{"title":"Acerca de - Montxo Herrera","robots":{"index":"index","follow":"follow","max-snippet":"max-snippet:-1","max-image-preview":"max-image-preview:large","max-video-preview":"max-video-preview:-1"},"canonical":"https:\/\/montxoherrera.es\/index.php\/acerca-de\/","og_locale":"es_ES","og_type":"article","og_title":"Acerca de - Montxo Herrera","og_description":"Comenc\u00e9 a interesarme por la fotograf\u00eda en el a\u00f1o 2011, en este a\u00f1o falleci\u00f3 mi madre y necesitaba ocupar mi pensamiento en algo nuevo para m\u00ed. Siempre he sido una persona autodidacta pero con mucha inquietud por aprender cosas. Comenc\u00e9 con la fotograf\u00eda digital pero en unos a\u00f1os me di cuenta de que este tipo&nbsp;...","og_url":"https:\/\/montxoherrera.es\/index.php\/acerca-de\/","og_site_name":"Montxo Herrera","article_modified_time":"2021-07-19T14:40:44+00:00","og_image":[{"url":"http:\/\/montxoherrera.es\/wp-content\/uploads\/2021\/06\/DeCarretesyRollos-LOGO-Rojo-1.png","type":"","width":"","height":""}],"twitter_card":"summary_large_image","twitter_misc":{"Tiempo de lectura":"2 minutos"},"schema":{"@context":"https:\/\/schema.org","@graph":[{"@type":"WebPage","@id":"https:\/\/montxoherrera.es\/index.php\/acerca-de\/","url":"https:\/\/montxoherrera.es\/index.php\/acerca-de\/","name":"Acerca de - Montxo Herrera","isPartOf":{"@id":"https:\/\/montxoherrera.es\/#website"},"primaryImageOfPage":{"@id":"https:\/\/montxoherrera.es\/index.php\/acerca-de\/#primaryimage"},"image":{"@id":"https:\/\/montxoherrera.es\/index.php\/acerca-de\/#primaryimage"},"thumbnailUrl":"http:\/\/montxoherrera.es\/wp-content\/uploads\/2021\/06\/DeCarretesyRollos-LOGO-Rojo-1.png","datePublished":"2021-06-18T21:01:54+00:00","dateModified":"2021-07-19T14:40:44+00:00","breadcrumb":{"@id":"https:\/\/montxoherrera.es\/index.php\/acerca-de\/#breadcrumb"},"inLanguage":"es","potentialAction":[{"@type":"ReadAction","target":["https:\/\/montxoherrera.es\/index.php\/acerca-de\/"]}]},{"@type":"ImageObject","inLanguage":"es","@id":"https:\/\/montxoherrera.es\/index.php\/acerca-de\/#primaryimage","url":"http:\/\/montxoherrera.es\/wp-content\/uploads\/2021\/06\/DeCarretesyRollos-LOGO-Rojo-1.png","contentUrl":"http:\/\/montxoherrera.es\/wp-content\/uploads\/2021\/06\/DeCarretesyRollos-LOGO-Rojo-1.png"},{"@type":"BreadcrumbList","@id":"https:\/\/montxoherrera.es\/index.php\/acerca-de\/#breadcrumb","itemListElement":[{"@type":"ListItem","position":1,"name":"Portada","item":"https:\/\/montxoherrera.es\/"},{"@type":"ListItem","position":2,"name":"Acerca de"}]},{"@type":"WebSite","@id":"https:\/\/montxoherrera.es\/#website","url":"https:\/\/montxoherrera.es\/","name":"Montxo Herrera","description":"DeCarretesyRollos","publisher":{"@id":"https:\/\/montxoherrera.es\/#organization"},"potentialAction":[{"@type":"SearchAction","target":{"@type":"EntryPoint","urlTemplate":"https:\/\/montxoherrera.es\/?s={search_term_string}"},"query-input":{"@type":"PropertyValueSpecification","valueRequired":true,"valueName":"search_term_string"}}],"inLanguage":"es"},{"@type":"Organization","@id":"https:\/\/montxoherrera.es\/#organization","name":"Montxo Herrera","url":"https:\/\/montxoherrera.es\/","logo":{"@type":"ImageObject","inLanguage":"es","@id":"https:\/\/montxoherrera.es\/#\/schema\/logo\/image\/","url":"https:\/\/montxoherrera.es\/wp-content\/uploads\/2025\/06\/cropped-DeCarretesyRollos-LOGO-Rojo.jpg","contentUrl":"https:\/\/montxoherrera.es\/wp-content\/uploads\/2025\/06\/cropped-DeCarretesyRollos-LOGO-Rojo.jpg","width":648,"height":649,"caption":"Montxo Herrera"},"image":{"@id":"https:\/\/montxoherrera.es\/#\/schema\/logo\/image\/"}}]}},"jetpack_sharing_enabled":true,"_links":{"self":[{"href":"https:\/\/montxoherrera.es\/index.php\/wp-json\/wp\/v2\/pages\/6","targetHints":{"allow":["GET"]}}],"collection":[{"href":"https:\/\/montxoherrera.es\/index.php\/wp-json\/wp\/v2\/pages"}],"about":[{"href":"https:\/\/montxoherrera.es\/index.php\/wp-json\/wp\/v2\/types\/page"}],"author":[{"embeddable":true,"href":"https:\/\/montxoherrera.es\/index.php\/wp-json\/wp\/v2\/users\/1"}],"replies":[{"embeddable":true,"href":"https:\/\/montxoherrera.es\/index.php\/wp-json\/wp\/v2\/comments?post=6"}],"version-history":[{"count":10,"href":"https:\/\/montxoherrera.es\/index.php\/wp-json\/wp\/v2\/pages\/6\/revisions"}],"predecessor-version":[{"id":460,"href":"https:\/\/montxoherrera.es\/index.php\/wp-json\/wp\/v2\/pages\/6\/revisions\/460"}],"wp:attachment":[{"href":"https:\/\/montxoherrera.es\/index.php\/wp-json\/wp\/v2\/media?parent=6"}],"curies":[{"name":"wp","href":"https:\/\/api.w.org\/{rel}","templated":true}]}}