{"id":174,"date":"2021-06-20T13:12:52","date_gmt":"2021-06-20T13:12:52","guid":{"rendered":"http:\/\/montxoherrera.es\/?page_id=174"},"modified":"2026-02-22T13:22:01","modified_gmt":"2026-02-22T13:22:01","slug":"gallery","status":"publish","type":"page","link":"https:\/\/montxoherrera.es\/index.php\/gallery\/","title":{"rendered":"Gallery"},"content":{"rendered":"\n<div class=\"wp-block-cover is-light\" style=\"min-height:660px;aspect-ratio:unset;\"><img loading=\"lazy\" decoding=\"async\" width=\"1024\" height=\"1024\" class=\"wp-block-cover__image-background wp-image-534\" alt=\"\" src=\"https:\/\/montxoherrera.es\/wp-content\/uploads\/2022\/02\/IMG_3543-1024x1024.jpg\" data-object-fit=\"cover\" srcset=\"https:\/\/montxoherrera.es\/wp-content\/uploads\/2022\/02\/IMG_3543-1024x1024.jpg 1024w, https:\/\/montxoherrera.es\/wp-content\/uploads\/2022\/02\/IMG_3543-300x300.jpg 300w, https:\/\/montxoherrera.es\/wp-content\/uploads\/2022\/02\/IMG_3543-150x150.jpg 150w, https:\/\/montxoherrera.es\/wp-content\/uploads\/2022\/02\/IMG_3543-768x768.jpg 768w, https:\/\/montxoherrera.es\/wp-content\/uploads\/2022\/02\/IMG_3543-1536x1536.jpg 1536w, https:\/\/montxoherrera.es\/wp-content\/uploads\/2022\/02\/IMG_3543-2048x2048.jpg 2048w, https:\/\/montxoherrera.es\/wp-content\/uploads\/2022\/02\/IMG_3543-1070x1070.jpg 1070w, https:\/\/montxoherrera.es\/wp-content\/uploads\/2022\/02\/IMG_3543-600x600.jpg 600w, https:\/\/montxoherrera.es\/wp-content\/uploads\/2022\/02\/IMG_3543-100x100.jpg 100w\" sizes=\"auto, (max-width: 1024px) 100vw, 1024px\" \/><span aria-hidden=\"true\" class=\"wp-block-cover__background has-background-dim-0 has-background-dim\"><\/span><div class=\"wp-block-cover__inner-container is-layout-flow wp-block-cover-is-layout-flow\">\n<p class=\"has-vivid-red-color has-text-color has-link-color wp-elements-2a598014e6939a5645c31b4e91ef67f3\" style=\"font-size:72px\"><strong><a href=\"https:\/\/montxoherrera.es\/index.php\/2024\/03\/05\/random\/\">Random<\/a><\/strong><\/p>\n<\/div><\/div>\n\n\n\n<div class=\"wp-block-cover is-light\" style=\"min-height:703px;aspect-ratio:unset;\"><img loading=\"lazy\" decoding=\"async\" width=\"1024\" height=\"1024\" class=\"wp-block-cover__image-background wp-image-784\" alt=\"\" src=\"https:\/\/montxoherrera.es\/wp-content\/uploads\/2024\/03\/thumbnail_IMG_8223-1024x1024.jpg\" data-object-fit=\"cover\" srcset=\"https:\/\/montxoherrera.es\/wp-content\/uploads\/2024\/03\/thumbnail_IMG_8223-1024x1024.jpg 1024w, https:\/\/montxoherrera.es\/wp-content\/uploads\/2024\/03\/thumbnail_IMG_8223-300x300.jpg 300w, https:\/\/montxoherrera.es\/wp-content\/uploads\/2024\/03\/thumbnail_IMG_8223-150x150.jpg 150w, https:\/\/montxoherrera.es\/wp-content\/uploads\/2024\/03\/thumbnail_IMG_8223-768x768.jpg 768w, https:\/\/montxoherrera.es\/wp-content\/uploads\/2024\/03\/thumbnail_IMG_8223-1536x1536.jpg 1536w, https:\/\/montxoherrera.es\/wp-content\/uploads\/2024\/03\/thumbnail_IMG_8223-1070x1070.jpg 1070w, https:\/\/montxoherrera.es\/wp-content\/uploads\/2024\/03\/thumbnail_IMG_8223-600x600.jpg 600w, https:\/\/montxoherrera.es\/wp-content\/uploads\/2024\/03\/thumbnail_IMG_8223-100x100.jpg 100w, https:\/\/montxoherrera.es\/wp-content\/uploads\/2024\/03\/thumbnail_IMG_8223.jpg 1920w\" sizes=\"auto, (max-width: 1024px) 100vw, 1024px\" \/><span aria-hidden=\"true\" class=\"wp-block-cover__background has-background-dim-0 has-background-dim\"><\/span><div class=\"wp-block-cover__inner-container is-layout-flow wp-block-cover-is-layout-flow\">\n<p class=\"has-vivid-red-color has-text-color has-link-color wp-elements-7454e21f02540a496c70ec400ce937a9\" style=\"font-size:72px\"><a href=\"https:\/\/montxoherrera.es\/?p=791\"><strong>Hombres de Anzuel<\/strong>o<\/a><\/p>\n<\/div><\/div>\n","protected":false},"excerpt":{"rendered":"","protected":false},"author":2,"featured_media":0,"parent":0,"menu_order":0,"comment_status":"closed","ping_status":"closed","template":"","meta":{"ngg_post_thumbnail":0,"footnotes":""},"class_list":["post-174","page","type-page","status-publish","hentry"],"yoast_head":"<!-- This site is optimized with the Yoast SEO plugin v27.0 - https:\/\/yoast.com\/product\/yoast-seo-wordpress\/ -->\n<title>Gallery - Montxo Herrera<\/title>\n<meta name=\"description\" content=\"Entra por el visor de mi c\u00e1mara y descubre las fotograf\u00edas que he ido realizando en mis viajes, mi d\u00eda a d\u00eda,\" \/>\n<meta name=\"robots\" content=\"index, follow, max-snippet:-1, max-image-preview:large, max-video-preview:-1\" \/>\n<link rel=\"canonical\" href=\"https:\/\/montxoherrera.es\/index.php\/gallery\/\" \/>\n<meta property=\"og:locale\" content=\"es_ES\" \/>\n<meta property=\"og:type\" content=\"article\" \/>\n<meta property=\"og:title\" content=\"Gallery - Montxo Herrera\" \/>\n<meta property=\"og:description\" content=\"Entra por el visor de mi c\u00e1mara y descubre las fotograf\u00edas que he ido realizando en mis viajes, mi d\u00eda a d\u00eda,\" \/>\n<meta property=\"og:url\" content=\"https:\/\/montxoherrera.es\/index.php\/gallery\/\" \/>\n<meta property=\"og:site_name\" content=\"Montxo Herrera\" \/>\n<meta property=\"article:modified_time\" content=\"2026-02-22T13:22:01+00:00\" \/>\n<meta property=\"og:image\" content=\"https:\/\/montxoherrera.es\/wp-content\/uploads\/2022\/02\/IMG_3543-scaled.jpg\" \/>\n\t<meta property=\"og:image:width\" content=\"2560\" \/>\n\t<meta property=\"og:image:height\" content=\"2560\" \/>\n\t<meta property=\"og:image:type\" content=\"image\/jpeg\" \/>\n<meta name=\"twitter:card\" content=\"summary_large_image\" \/>\n<meta name=\"twitter:label1\" content=\"Tiempo de lectura\" \/>\n\t<meta name=\"twitter:data1\" content=\"1 minuto\" \/>\n<script type=\"application\/ld+json\" class=\"yoast-schema-graph\">{\"@context\":\"https:\/\/schema.org\",\"@graph\":[{\"@type\":\"WebPage\",\"@id\":\"https:\/\/montxoherrera.es\/index.php\/gallery\/\",\"url\":\"https:\/\/montxoherrera.es\/index.php\/gallery\/\",\"name\":\"Gallery - Montxo Herrera\",\"isPartOf\":{\"@id\":\"https:\/\/montxoherrera.es\/#website\"},\"primaryImageOfPage\":{\"@id\":\"https:\/\/montxoherrera.es\/index.php\/gallery\/#primaryimage\"},\"image\":{\"@id\":\"https:\/\/montxoherrera.es\/index.php\/gallery\/#primaryimage\"},\"thumbnailUrl\":\"https:\/\/montxoherrera.es\/wp-content\/uploads\/2022\/02\/IMG_3543-1024x1024.jpg\",\"datePublished\":\"2021-06-20T13:12:52+00:00\",\"dateModified\":\"2026-02-22T13:22:01+00:00\",\"description\":\"Entra por el visor de mi c\u00e1mara y descubre las fotograf\u00edas que he ido realizando en mis viajes, mi d\u00eda a d\u00eda,\",\"breadcrumb\":{\"@id\":\"https:\/\/montxoherrera.es\/index.php\/gallery\/#breadcrumb\"},\"inLanguage\":\"es\",\"potentialAction\":[{\"@type\":\"ReadAction\",\"target\":[\"https:\/\/montxoherrera.es\/index.php\/gallery\/\"]}]},{\"@type\":\"ImageObject\",\"inLanguage\":\"es\",\"@id\":\"https:\/\/montxoherrera.es\/index.php\/gallery\/#primaryimage\",\"url\":\"https:\/\/montxoherrera.es\/wp-content\/uploads\/2022\/02\/IMG_3543-scaled.jpg\",\"contentUrl\":\"https:\/\/montxoherrera.es\/wp-content\/uploads\/2022\/02\/IMG_3543-scaled.jpg\",\"width\":2560,\"height\":2560},{\"@type\":\"BreadcrumbList\",\"@id\":\"https:\/\/montxoherrera.es\/index.php\/gallery\/#breadcrumb\",\"itemListElement\":[{\"@type\":\"ListItem\",\"position\":1,\"name\":\"Portada\",\"item\":\"https:\/\/montxoherrera.es\/\"},{\"@type\":\"ListItem\",\"position\":2,\"name\":\"Gallery\"}]},{\"@type\":\"WebSite\",\"@id\":\"https:\/\/montxoherrera.es\/#website\",\"url\":\"https:\/\/montxoherrera.es\/\",\"name\":\"Montxo Herrera\",\"description\":\"DeCarretesyRollos\",\"publisher\":{\"@id\":\"https:\/\/montxoherrera.es\/#organization\"},\"potentialAction\":[{\"@type\":\"SearchAction\",\"target\":{\"@type\":\"EntryPoint\",\"urlTemplate\":\"https:\/\/montxoherrera.es\/?s={search_term_string}\"},\"query-input\":{\"@type\":\"PropertyValueSpecification\",\"valueRequired\":true,\"valueName\":\"search_term_string\"}}],\"inLanguage\":\"es\"},{\"@type\":\"Organization\",\"@id\":\"https:\/\/montxoherrera.es\/#organization\",\"name\":\"Montxo Herrera\",\"url\":\"https:\/\/montxoherrera.es\/\",\"logo\":{\"@type\":\"ImageObject\",\"inLanguage\":\"es\",\"@id\":\"https:\/\/montxoherrera.es\/#\/schema\/logo\/image\/\",\"url\":\"https:\/\/montxoherrera.es\/wp-content\/uploads\/2025\/06\/cropped-DeCarretesyRollos-LOGO-Rojo.jpg\",\"contentUrl\":\"https:\/\/montxoherrera.es\/wp-content\/uploads\/2025\/06\/cropped-DeCarretesyRollos-LOGO-Rojo.jpg\",\"width\":648,\"height\":649,\"caption\":\"Montxo Herrera\"},\"image\":{\"@id\":\"https:\/\/montxoherrera.es\/#\/schema\/logo\/image\/\"}}]}<\/script>\n<!-- \/ Yoast SEO plugin. -->","yoast_head_json":{"title":"Gallery - Montxo Herrera","description":"Entra por el visor de mi c\u00e1mara y descubre las fotograf\u00edas que he ido realizando en mis viajes, mi d\u00eda a d\u00eda,","robots":{"index":"index","follow":"follow","max-snippet":"max-snippet:-1","max-image-preview":"max-image-preview:large","max-video-preview":"max-video-preview:-1"},"canonical":"https:\/\/montxoherrera.es\/index.php\/gallery\/","og_locale":"es_ES","og_type":"article","og_title":"Gallery - Montxo Herrera","og_description":"Entra por el visor de mi c\u00e1mara y descubre las fotograf\u00edas que he ido realizando en mis viajes, mi d\u00eda a d\u00eda,","og_url":"https:\/\/montxoherrera.es\/index.php\/gallery\/","og_site_name":"Montxo Herrera","article_modified_time":"2026-02-22T13:22:01+00:00","og_image":[{"width":2560,"height":2560,"url":"https:\/\/montxoherrera.es\/wp-content\/uploads\/2022\/02\/IMG_3543-scaled.jpg","type":"image\/jpeg"}],"twitter_card":"summary_large_image","twitter_misc":{"Tiempo de lectura":"1 minuto"},"schema":{"@context":"https:\/\/schema.org","@graph":[{"@type":"WebPage","@id":"https:\/\/montxoherrera.es\/index.php\/gallery\/","url":"https:\/\/montxoherrera.es\/index.php\/gallery\/","name":"Gallery - Montxo Herrera","isPartOf":{"@id":"https:\/\/montxoherrera.es\/#website"},"primaryImageOfPage":{"@id":"https:\/\/montxoherrera.es\/index.php\/gallery\/#primaryimage"},"image":{"@id":"https:\/\/montxoherrera.es\/index.php\/gallery\/#primaryimage"},"thumbnailUrl":"https:\/\/montxoherrera.es\/wp-content\/uploads\/2022\/02\/IMG_3543-1024x1024.jpg","datePublished":"2021-06-20T13:12:52+00:00","dateModified":"2026-02-22T13:22:01+00:00","description":"Entra por el visor de mi c\u00e1mara y descubre las fotograf\u00edas que he ido realizando en mis viajes, mi d\u00eda a d\u00eda,","breadcrumb":{"@id":"https:\/\/montxoherrera.es\/index.php\/gallery\/#breadcrumb"},"inLanguage":"es","potentialAction":[{"@type":"ReadAction","target":["https:\/\/montxoherrera.es\/index.php\/gallery\/"]}]},{"@type":"ImageObject","inLanguage":"es","@id":"https:\/\/montxoherrera.es\/index.php\/gallery\/#primaryimage","url":"https:\/\/montxoherrera.es\/wp-content\/uploads\/2022\/02\/IMG_3543-scaled.jpg","contentUrl":"https:\/\/montxoherrera.es\/wp-content\/uploads\/2022\/02\/IMG_3543-scaled.jpg","width":2560,"height":2560},{"@type":"BreadcrumbList","@id":"https:\/\/montxoherrera.es\/index.php\/gallery\/#breadcrumb","itemListElement":[{"@type":"ListItem","position":1,"name":"Portada","item":"https:\/\/montxoherrera.es\/"},{"@type":"ListItem","position":2,"name":"Gallery"}]},{"@type":"WebSite","@id":"https:\/\/montxoherrera.es\/#website","url":"https:\/\/montxoherrera.es\/","name":"Montxo Herrera","description":"DeCarretesyRollos","publisher":{"@id":"https:\/\/montxoherrera.es\/#organization"},"potentialAction":[{"@type":"SearchAction","target":{"@type":"EntryPoint","urlTemplate":"https:\/\/montxoherrera.es\/?s={search_term_string}"},"query-input":{"@type":"PropertyValueSpecification","valueRequired":true,"valueName":"search_term_string"}}],"inLanguage":"es"},{"@type":"Organization","@id":"https:\/\/montxoherrera.es\/#organization","name":"Montxo Herrera","url":"https:\/\/montxoherrera.es\/","logo":{"@type":"ImageObject","inLanguage":"es","@id":"https:\/\/montxoherrera.es\/#\/schema\/logo\/image\/","url":"https:\/\/montxoherrera.es\/wp-content\/uploads\/2025\/06\/cropped-DeCarretesyRollos-LOGO-Rojo.jpg","contentUrl":"https:\/\/montxoherrera.es\/wp-content\/uploads\/2025\/06\/cropped-DeCarretesyRollos-LOGO-Rojo.jpg","width":648,"height":649,"caption":"Montxo Herrera"},"image":{"@id":"https:\/\/montxoherrera.es\/#\/schema\/logo\/image\/"}}]}},"jetpack_sharing_enabled":true,"_links":{"self":[{"href":"https:\/\/montxoherrera.es\/index.php\/wp-json\/wp\/v2\/pages\/174","targetHints":{"allow":["GET"]}}],"collection":[{"href":"https:\/\/montxoherrera.es\/index.php\/wp-json\/wp\/v2\/pages"}],"about":[{"href":"https:\/\/montxoherrera.es\/index.php\/wp-json\/wp\/v2\/types\/page"}],"author":[{"embeddable":true,"href":"https:\/\/montxoherrera.es\/index.php\/wp-json\/wp\/v2\/users\/2"}],"replies":[{"embeddable":true,"href":"https:\/\/montxoherrera.es\/index.php\/wp-json\/wp\/v2\/comments?post=174"}],"version-history":[{"count":51,"href":"https:\/\/montxoherrera.es\/index.php\/wp-json\/wp\/v2\/pages\/174\/revisions"}],"predecessor-version":[{"id":1080,"href":"https:\/\/montxoherrera.es\/index.php\/wp-json\/wp\/v2\/pages\/174\/revisions\/1080"}],"wp:attachment":[{"href":"https:\/\/montxoherrera.es\/index.php\/wp-json\/wp\/v2\/media?parent=174"}],"curies":[{"name":"wp","href":"https:\/\/api.w.org\/{rel}","templated":true}]}}